{"id":11,"date":"2014-04-15T16:14:50","date_gmt":"2014-04-15T16:14:50","guid":{"rendered":"http:\/\/trachtengruppe-frohsinn.de\/?page_id=11"},"modified":"2014-04-15T16:44:54","modified_gmt":"2014-04-15T16:44:54","slug":"termine","status":"publish","type":"page","link":"http:\/\/trachtengruppe-frohsinn.de\/?page_id=11","title":{"rendered":"Termine"},"content":{"rendered":"<p>Alle Termine der Trachtengruppe Frohsinn, sowie Informationen zu unseren Veranstaltungen findet Ihr im Terminkalender. Durch Anklicken des Datums, gelangt Ihr in die Info\u00fcbersicht. Unter Auswahl des Monats k\u00f6nnt Ihr durch das Kalenderjahr navigieren. Viel Spa\u00df.<\/p>\n<p>&nbsp;<\/p>\n","protected":false},"excerpt":{"rendered":"<p>Alle Termine der Trachtengruppe Frohsinn, sowie Informationen zu unseren Veranstaltungen findet Ihr im Terminkalender. Durch Anklicken des Datums, gelangt Ihr in die Info\u00fcbersicht. Unter Auswahl des Monats k\u00f6nnt Ihr durch das Kalenderjahr navigieren. Viel Spa\u00df. &nbsp;<\/p>\n","protected":false},"author":1,"featured_media":0,"parent":9,"menu_order":1,"comment_status":"closed","ping_status":"closed","template":"","meta":{"ngg_post_thumbnail":0,"footnotes":""},"class_list":["post-11","page","type-page","status-publish","hentry"],"_links":{"self":[{"href":"http:\/\/trachtengruppe-frohsinn.de\/index.php?rest_route=\/wp\/v2\/pages\/11","targetHints":{"allow":["GET"]}}],"collection":[{"href":"http:\/\/trachtengruppe-frohsinn.de\/index.php?rest_route=\/wp\/v2\/pages"}],"about":[{"href":"http:\/\/trachtengruppe-frohsinn.de\/index.php?rest_route=\/wp\/v2\/types\/page"}],"author":[{"embeddable":true,"href":"http:\/\/trachtengruppe-frohsinn.de\/index.php?rest_route=\/wp\/v2\/users\/1"}],"replies":[{"embeddable":true,"href":"http:\/\/trachtengruppe-frohsinn.de\/index.php?rest_route=%2Fwp%2Fv2%2Fcomments&post=11"}],"version-history":[{"count":4,"href":"http:\/\/trachtengruppe-frohsinn.de\/index.php?rest_route=\/wp\/v2\/pages\/11\/revisions"}],"predecessor-version":[{"id":49,"href":"http:\/\/trachtengruppe-frohsinn.de\/index.php?rest_route=\/wp\/v2\/pages\/11\/revisions\/49"}],"up":[{"embeddable":true,"href":"http:\/\/trachtengruppe-frohsinn.de\/index.php?rest_route=\/wp\/v2\/pages\/9"}],"wp:attachment":[{"href":"http:\/\/trachtengruppe-frohsinn.de\/index.php?rest_route=%2Fwp%2Fv2%2Fmedia&parent=11"}],"curies":[{"name":"wp","href":"https:\/\/api.w.org\/{rel}","templated":true}]}}