{"id":17,"date":"2014-04-15T16:15:49","date_gmt":"2014-04-15T16:15:49","guid":{"rendered":"http:\/\/trachtengruppe-frohsinn.de\/?page_id=17"},"modified":"2014-04-15T16:23:01","modified_gmt":"2014-04-15T16:23:01","slug":"volkstanz","status":"publish","type":"page","link":"http:\/\/trachtengruppe-frohsinn.de\/?page_id=17","title":{"rendered":"Volkstanz"},"content":{"rendered":"<p>Wollten Sie schon immer mal wissen, was die \u201elustige Sennerin\u201c gemeinsam mit dem \u201eH\u00fcttenmadel\u201c in der \u201eSchwarzwaldm\u00fchle\u201c sucht? Es sind die Burschen aus der \u201eDorfschmiede\u201c, mit denen dann gemeinsam eine z\u00fcnftige \u201eBauernhochzeit\u201c gefeiert wird. Das sind nur einige T\u00e4nze aus unserem reichhaltigen Tanzprogramm, die bei Heimatabenden oder Trachtenfesten aufgef\u00fchrt werden.<\/p>\n<p>Wir sind stolz darauf, dass diese T\u00e4nze nur von uns aufgef\u00fchrt werden, sie wurden in den Gr\u00fcndungsjahren der Trachtengruppe von der damaligen Tanzleiterin Erika Hilscher \u201eentworfen\u201c. Stolz sind wir auch darauf, dass unsere musikalische Begleitung nicht vom Band kommt, sondern live von unserem Akkordeonspieler.<\/p>\n<p>Die Tanzproben finden Montags ab 20 Uhr im Probelokal Stadtm\u00fchle statt. Nach den Proben gibt es bei geselligem Beisammensein immer die neuesten Nachrichten und Informationen.<\/p>\n","protected":false},"excerpt":{"rendered":"<p>Wollten Sie schon immer mal wissen, was die \u201elustige Sennerin\u201c gemeinsam mit dem \u201eH\u00fcttenmadel\u201c in der \u201eSchwarzwaldm\u00fchle\u201c sucht? Es sind die Burschen aus der \u201eDorfschmiede\u201c, mit denen dann gemeinsam eine z\u00fcnftige \u201eBauernhochzeit\u201c gefeiert wird. Das sind nur einige T\u00e4nze aus unserem reichhaltigen Tanzprogramm, die bei Heimatabenden oder Trachtenfesten aufgef\u00fchrt werden. Wir sind stolz darauf, dass <a class=\"read-more\" href=\"http:\/\/trachtengruppe-frohsinn.de\/?page_id=17\">... weiterlesen <span class=\"meta-nav\">&rarr;<\/span><\/a><\/p>\n","protected":false},"author":1,"featured_media":0,"parent":0,"menu_order":4,"comment_status":"closed","ping_status":"closed","template":"","meta":{"ngg_post_thumbnail":0,"footnotes":""},"class_list":["post-17","page","type-page","status-publish","hentry"],"_links":{"self":[{"href":"http:\/\/trachtengruppe-frohsinn.de\/index.php?rest_route=\/wp\/v2\/pages\/17","targetHints":{"allow":["GET"]}}],"collection":[{"href":"http:\/\/trachtengruppe-frohsinn.de\/index.php?rest_route=\/wp\/v2\/pages"}],"about":[{"href":"http:\/\/trachtengruppe-frohsinn.de\/index.php?rest_route=\/wp\/v2\/types\/page"}],"author":[{"embeddable":true,"href":"http:\/\/trachtengruppe-frohsinn.de\/index.php?rest_route=\/wp\/v2\/users\/1"}],"replies":[{"embeddable":true,"href":"http:\/\/trachtengruppe-frohsinn.de\/index.php?rest_route=%2Fwp%2Fv2%2Fcomments&post=17"}],"version-history":[{"count":1,"href":"http:\/\/trachtengruppe-frohsinn.de\/index.php?rest_route=\/wp\/v2\/pages\/17\/revisions"}],"predecessor-version":[{"id":18,"href":"http:\/\/trachtengruppe-frohsinn.de\/index.php?rest_route=\/wp\/v2\/pages\/17\/revisions\/18"}],"wp:attachment":[{"href":"http:\/\/trachtengruppe-frohsinn.de\/index.php?rest_route=%2Fwp%2Fv2%2Fmedia&parent=17"}],"curies":[{"name":"wp","href":"https:\/\/api.w.org\/{rel}","templated":true}]}}