{"id":21,"date":"2014-04-15T16:16:31","date_gmt":"2014-04-15T16:16:31","guid":{"rendered":"http:\/\/trachtengruppe-frohsinn.de\/?page_id=21"},"modified":"2014-05-07T08:57:42","modified_gmt":"2014-05-07T06:57:42","slug":"kindertrachtengruppe","status":"publish","type":"page","link":"http:\/\/trachtengruppe-frohsinn.de\/?page_id=21","title":{"rendered":"Kindertrachtengruppe"},"content":{"rendered":"<p><a href=\"http:\/\/trachtengruppe-frohsinn.de\/wp-content\/uploads\/2014\/04\/IMG_4398.jpg\" target=\"_blank\"><img loading=\"lazy\" decoding=\"async\" class=\"wp-image-151 alignleft\" alt=\"Kindertrachtengruppe\" src=\"http:\/\/trachtengruppe-frohsinn.de\/wp-content\/uploads\/2014\/04\/IMG_4398-199x300.jpg\" width=\"199\" height=\"300\" srcset=\"http:\/\/trachtengruppe-frohsinn.de\/wp-content\/uploads\/2014\/04\/IMG_4398-199x300.jpg 199w, http:\/\/trachtengruppe-frohsinn.de\/wp-content\/uploads\/2014\/04\/IMG_4398-681x1024.jpg 681w, http:\/\/trachtengruppe-frohsinn.de\/wp-content\/uploads\/2014\/04\/IMG_4398-960x1441.jpg 960w\" sizes=\"auto, (max-width: 199px) 100vw, 199px\" \/><\/a>\u201eJeder f\u00e4ngt mal klein an\u201c<\/p>\n<p>Unser Nachwuchs ist mit Begeisterung bei der Sache. Getanzt wird was das Zeug h\u00e4lt. Und sieht ein Tanzkreis mal nicht nach Kreis aus und geht der eine oder andere Schritt daneben, so ist das auch nicht so schlimm, die Zuschauer und erst recht die Kids nehmen es mit viel Humor.<\/p>\n<p>Aufgeteilt in zwei Altersgruppen (ca. 6-10 Jahre und ca. 10-14 Jahre) treffen sich momentan 30 Nachwuchst\u00e4nzer.<\/p>\n<p>Und da das viele Tanzen hungrig macht, gehen die Kinder und Jugendlichen auch gerne mal ein Eis oder Pommes essen oder mit den Gro\u00dfen Grillen. Ein Highlight ist der einmal j\u00e4hrlich stattfindende H\u00fcttenaufenthalt.<\/p>\n<p>Die Kinder und Jugendlichen proben Freitags 14-t\u00e4gig ab 16.30 Uhr im Probelokal der Stadtm\u00fchle.<\/p>\n","protected":false},"excerpt":{"rendered":"<p>\u201eJeder f\u00e4ngt mal klein an\u201c Unser Nachwuchs ist mit Begeisterung bei der Sache. Getanzt wird was das Zeug h\u00e4lt. Und sieht ein Tanzkreis mal nicht nach Kreis aus und geht der eine oder andere Schritt daneben, so ist das auch nicht so schlimm, die Zuschauer und erst recht die Kids nehmen es mit viel Humor. <a class=\"read-more\" href=\"http:\/\/trachtengruppe-frohsinn.de\/?page_id=21\">... weiterlesen <span class=\"meta-nav\">&rarr;<\/span><\/a><\/p>\n","protected":false},"author":1,"featured_media":0,"parent":0,"menu_order":5,"comment_status":"closed","ping_status":"closed","template":"","meta":{"ngg_post_thumbnail":0,"footnotes":""},"class_list":["post-21","page","type-page","status-publish","hentry"],"_links":{"self":[{"href":"http:\/\/trachtengruppe-frohsinn.de\/index.php?rest_route=\/wp\/v2\/pages\/21","targetHints":{"allow":["GET"]}}],"collection":[{"href":"http:\/\/trachtengruppe-frohsinn.de\/index.php?rest_route=\/wp\/v2\/pages"}],"about":[{"href":"http:\/\/trachtengruppe-frohsinn.de\/index.php?rest_route=\/wp\/v2\/types\/page"}],"author":[{"embeddable":true,"href":"http:\/\/trachtengruppe-frohsinn.de\/index.php?rest_route=\/wp\/v2\/users\/1"}],"replies":[{"embeddable":true,"href":"http:\/\/trachtengruppe-frohsinn.de\/index.php?rest_route=%2Fwp%2Fv2%2Fcomments&post=21"}],"version-history":[{"count":3,"href":"http:\/\/trachtengruppe-frohsinn.de\/index.php?rest_route=\/wp\/v2\/pages\/21\/revisions"}],"predecessor-version":[{"id":153,"href":"http:\/\/trachtengruppe-frohsinn.de\/index.php?rest_route=\/wp\/v2\/pages\/21\/revisions\/153"}],"wp:attachment":[{"href":"http:\/\/trachtengruppe-frohsinn.de\/index.php?rest_route=%2Fwp%2Fv2%2Fmedia&parent=21"}],"curies":[{"name":"wp","href":"https:\/\/api.w.org\/{rel}","templated":true}]}}