{"id":25,"date":"2014-04-15T16:17:18","date_gmt":"2014-04-15T16:17:18","guid":{"rendered":"http:\/\/trachtengruppe-frohsinn.de\/?page_id=25"},"modified":"2018-11-12T18:18:17","modified_gmt":"2018-11-12T17:18:17","slug":"kontakt","status":"publish","type":"page","link":"http:\/\/trachtengruppe-frohsinn.de\/?page_id=25","title":{"rendered":"Kontakt"},"content":{"rendered":"<table width=\"100%\" border=\"1\" cellspacing=\"0\" cellpadding=\"0\">\n<tbody>\n<tr>\n<td valign=\"top\" width=\"121\">1. Vorstand<\/td>\n<td valign=\"top\" width=\"142\">Erik Eckelt Tel. 0771\/3905<\/td>\n<td valign=\"top\" width=\"255\"><a href=\"mailto:1.vorstand@trachtengruppe-frohsinn.de\">1.vorstand@trachtengruppe-frohsinn.de<\/a><\/td>\n<\/tr>\n<tr>\n<td valign=\"top\" width=\"121\">2. Vorstand<\/td>\n<td valign=\"top\" width=\"142\">Uwe Kleiner<\/td>\n<td valign=\"top\" width=\"255\"><a href=\"mailto:2.vorstand@trachtengruppe-frohsinn.de\">2.vorstand@trachtengruppe-frohsinn.de<\/a><\/td>\n<\/tr>\n<tr>\n<td valign=\"top\" width=\"121\">Kassiererin<\/td>\n<td valign=\"top\" width=\"142\">Birgit King\u00a0Tel. 0771\/5509<\/td>\n<td valign=\"top\" width=\"255\"><a href=\"mailto:kassierer@trachtengruppe-frohsinn.de\">kassierer@trachtengruppe-frohsinn.de<\/a><\/td>\n<\/tr>\n<tr>\n<td valign=\"top\" width=\"121\">Schriftf\u00fchrerin<\/td>\n<td valign=\"top\" width=\"142\">Nicole B\u00e4urer<\/td>\n<td valign=\"top\" width=\"255\"><a href=\"mailto:schriftfuehrer@trachtengruppe-frohsinn.de\">schriftfuehrer@trachtengruppe-frohsinn.de<\/a><\/td>\n<\/tr>\n<tr>\n<td valign=\"top\" width=\"121\">Beisitzer<\/td>\n<td valign=\"top\" width=\"142\">Markus D\u00f6rle<\/td>\n<td valign=\"top\" width=\"255\"><a href=\"mailto:beisitzer@trachtengruppe-frohsinn.de\">beisitzer@trachtengruppe-frohsinn.de<\/a><\/td>\n<\/tr>\n<tr>\n<td valign=\"top\" width=\"121\">Kindergruppe<\/td>\n<td valign=\"top\" width=\"142\">Alexandra Haug<\/td>\n<td valign=\"top\" width=\"255\"><a href=\"mailto:kindergruppe@trachtengruppe-frohsinn.de\">kindergruppe@trachtengruppe-frohsinn.de<\/a><\/td>\n<\/tr>\n<\/tbody>\n<\/table>\n","protected":false},"excerpt":{"rendered":"<p>1. Vorstand Erik Eckelt Tel. 0771\/3905 1.vorstand@trachtengruppe-frohsinn.de 2. Vorstand Uwe Kleiner 2.vorstand@trachtengruppe-frohsinn.de Kassiererin Birgit King\u00a0Tel. 0771\/5509 kassierer@trachtengruppe-frohsinn.de Schriftf\u00fchrerin Nicole B\u00e4urer schriftfuehrer@trachtengruppe-frohsinn.de Beisitzer Markus D\u00f6rle beisitzer@trachtengruppe-frohsinn.de Kindergruppe Alexandra Haug kindergruppe@trachtengruppe-frohsinn.de<\/p>\n","protected":false},"author":1,"featured_media":0,"parent":23,"menu_order":1,"comment_status":"closed","ping_status":"closed","template":"","meta":{"ngg_post_thumbnail":0,"footnotes":""},"class_list":["post-25","page","type-page","status-publish","hentry"],"_links":{"self":[{"href":"http:\/\/trachtengruppe-frohsinn.de\/index.php?rest_route=\/wp\/v2\/pages\/25","targetHints":{"allow":["GET"]}}],"collection":[{"href":"http:\/\/trachtengruppe-frohsinn.de\/index.php?rest_route=\/wp\/v2\/pages"}],"about":[{"href":"http:\/\/trachtengruppe-frohsinn.de\/index.php?rest_route=\/wp\/v2\/types\/page"}],"author":[{"embeddable":true,"href":"http:\/\/trachtengruppe-frohsinn.de\/index.php?rest_route=\/wp\/v2\/users\/1"}],"replies":[{"embeddable":true,"href":"http:\/\/trachtengruppe-frohsinn.de\/index.php?rest_route=%2Fwp%2Fv2%2Fcomments&post=25"}],"version-history":[{"count":5,"href":"http:\/\/trachtengruppe-frohsinn.de\/index.php?rest_route=\/wp\/v2\/pages\/25\/revisions"}],"predecessor-version":[{"id":418,"href":"http:\/\/trachtengruppe-frohsinn.de\/index.php?rest_route=\/wp\/v2\/pages\/25\/revisions\/418"}],"up":[{"embeddable":true,"href":"http:\/\/trachtengruppe-frohsinn.de\/index.php?rest_route=\/wp\/v2\/pages\/23"}],"wp:attachment":[{"href":"http:\/\/trachtengruppe-frohsinn.de\/index.php?rest_route=%2Fwp%2Fv2%2Fmedia&parent=25"}],"curies":[{"name":"wp","href":"https:\/\/api.w.org\/{rel}","templated":true}]}}