{"id":423,"date":"2019-04-04T08:35:10","date_gmt":"2019-04-04T06:35:10","guid":{"rendered":"http:\/\/trachtengruppe-frohsinn.de\/?page_id=423"},"modified":"2019-04-04T08:35:10","modified_gmt":"2019-04-04T06:35:10","slug":"datenschutz","status":"publish","type":"page","link":"http:\/\/trachtengruppe-frohsinn.de\/?page_id=423","title":{"rendered":"Datenschutz"},"content":{"rendered":"<p>Wir freuen uns, dass Sie unsere Website besuchen und bedanken uns f\u00fcr Ihr Interesse an unserer Zunft. Das entgegengebrachte Vertrauen hat f\u00fcr uns einen sehr hohen Stellenwert und somit die Bedeutung und Verpflichtung, mit Ihren Daten sorgsam umzugehen und diese vor Missbrauch zu sch\u00fctzen.<\/p>\n<p>Damit Sie sich beim Besuch unserer Webseite sicher und wohl f\u00fchlen, nehmen wir den Schutz Ihrer pers\u00f6nlichen Daten und deren vertrauliche Behandlung sehr ernst. Deshalb handeln wir in \u00dcbereinstimmung mit den anwendbaren Rechtsvorschriften zum Schutz personenbezogener Daten und zur Datensicherheit.<\/p>\n<p>Mit diesen Hinweisen zum Datenschutz m\u00f6chten wir Sie daher dar\u00fcber informieren, wann wir welche Daten speichern und wie wir sie verwenden - selbstverst\u00e4ndlich unter Beachtung der geltenden deutschen Rechtsprechung. Der Datenschutz der Narrenzunft Frohsinn tr\u00e4gt dem Bundesdatenschutzgesetz (BDSG) Rechnung. Bei der Internetnutzung orientieren wir uns zum Schutz Ihrer personenbezogenen Daten am Telemediengesetz (TMG) der Bundesrepublik Deutschland.<\/p>\n<p>[privacy_policy]<\/p>\n<hr>\n<p>&nbsp;<\/p>\n<p>Hier haben Sie die M\u00f6glichekeit die automtisierten Trackingfunktionen zu steuern<\/p>\n<p>[user_privacy_settings_form]<\/p>\n","protected":false},"excerpt":{"rendered":"<p>Wir freuen uns, dass Sie unsere Website besuchen und bedanken uns f\u00fcr Ihr Interesse an unserer Zunft. Das entgegengebrachte Vertrauen hat f\u00fcr uns einen sehr hohen Stellenwert und somit die Bedeutung und Verpflichtung, mit Ihren Daten sorgsam umzugehen und diese vor Missbrauch zu sch\u00fctzen. Damit Sie sich beim Besuch unserer Webseite sicher und wohl f\u00fchlen, <a class=\"read-more\" href=\"http:\/\/trachtengruppe-frohsinn.de\/?page_id=423\">... weiterlesen <span class=\"meta-nav\">&rarr;<\/span><\/a><\/p>\n","protected":false},"author":1,"featured_media":0,"parent":0,"menu_order":0,"comment_status":"closed","ping_status":"closed","template":"","meta":{"ngg_post_thumbnail":0,"footnotes":""},"class_list":["post-423","page","type-page","status-publish","hentry"],"_links":{"self":[{"href":"http:\/\/trachtengruppe-frohsinn.de\/index.php?rest_route=\/wp\/v2\/pages\/423","targetHints":{"allow":["GET"]}}],"collection":[{"href":"http:\/\/trachtengruppe-frohsinn.de\/index.php?rest_route=\/wp\/v2\/pages"}],"about":[{"href":"http:\/\/trachtengruppe-frohsinn.de\/index.php?rest_route=\/wp\/v2\/types\/page"}],"author":[{"embeddable":true,"href":"http:\/\/trachtengruppe-frohsinn.de\/index.php?rest_route=\/wp\/v2\/users\/1"}],"replies":[{"embeddable":true,"href":"http:\/\/trachtengruppe-frohsinn.de\/index.php?rest_route=%2Fwp%2Fv2%2Fcomments&post=423"}],"version-history":[{"count":1,"href":"http:\/\/trachtengruppe-frohsinn.de\/index.php?rest_route=\/wp\/v2\/pages\/423\/revisions"}],"predecessor-version":[{"id":424,"href":"http:\/\/trachtengruppe-frohsinn.de\/index.php?rest_route=\/wp\/v2\/pages\/423\/revisions\/424"}],"wp:attachment":[{"href":"http:\/\/trachtengruppe-frohsinn.de\/index.php?rest_route=%2Fwp%2Fv2%2Fmedia&parent=423"}],"curies":[{"name":"wp","href":"https:\/\/api.w.org\/{rel}","templated":true}]}}